{"id":443,"date":"2022-03-07T13:32:14","date_gmt":"2022-03-07T13:32:14","guid":{"rendered":"https:\/\/relaunch.priorec.de\/impressum\/"},"modified":"2025-01-20T14:31:09","modified_gmt":"2025-01-20T14:31:09","slug":"imprint","status":"publish","type":"page","link":"https:\/\/priorec.de\/en\/imprint\/","title":{"rendered":"Imprint"},"content":{"rendered":"<div class=\"wpb-content-wrapper\"><p>[vc_row bg_parallax=&#8221;off&#8221; css=&#8221;.vc_custom_1414841734642{margin-top: 0px !important;padding-top: 40px !important;}&#8221;][vc_column][vc_empty_space height=&#8221;60px&#8221;]<h1 class=\"ozy-divider-cap-center wpb_content_element\">Impressum<\/h1><div class=\"ozy-content-divider \" style=\"border-top-style:solid;border-top-width:2px;border-top-color:#075fad;width:40px;max-width:40px;margin:20px auto;\"><\/div>[vc_column_text]<strong>PRIOREC GmbH<\/strong><br \/>\nRobert-Bosch-Stra\u00dfe 1-5<br \/>\nBetriebsst\u00e4tte Steinheilstra\u00dfe 18<br \/>\n85053 Ingolstadt<br \/>\nTelefon: +49 841 9646-80<br \/>\ninfo@priorec.de<\/p>\n<p><strong>Vertretungsberechtigter Gesch\u00e4ftsf\u00fchrer<\/strong><br \/>\nJ\u00fcrgen Kienlein<\/p>\n<p><strong>Handelsregistereintrag<\/strong><br \/>\nAmtsgericht Ingolstadt<br \/>\nHandelsregisternummer HRB 10561<\/p>\n<p><strong>Steuer-Identnummer<\/strong><br \/>\nUST-ID DE350476547<br \/>\nFinanzamt Ingolstadt[\/vc_column_text][vc_separator border_width=&#8221;2&#8243; el_width=&#8221;50&#8243;][vc_column_text css=&#8221;&#8221;]<\/p>\n<h3>Disclaimer<\/h3>\n<p><strong>1. Haftungsbeschr\u00e4nkung<\/strong><\/p>\n<p>Die Inhalte dieser Website werden mit gr\u00f6\u00dftm\u00f6glicher Sorgfalt erstellt. Der Anbieter \u00fcbernimmt jedoch keine Gew\u00e4hr f\u00fcr die Richtigkeit, Vollst\u00e4ndigkeit und Aktualit\u00e4t der bereitgestellten Inhalte. Die Nutzung der Inhalte der Website erfolgt auf eigene Gefahr des Nutzers. Namentlich gekennzeichnete Beitr\u00e4ge geben die Meinung des jeweiligen Autors und nicht immer die Meinung des Anbieters wieder. Mit der reinen Nutzung der Website des Anbieters kommt keinerlei Vertragsverh\u00e4ltnis zwischen dem Nutzer und dem Anbieter zustande.<\/p>\n<p><strong>2. Externe Links<\/strong><\/p>\n<p>Diese Website enth\u00e4lt Verkn\u00fcpfungen zu Websites Dritter (\u201eexterne Links\u201c). Diese Websites unterliegen der Haftung der jeweiligen Betreiber. Der Anbieter hat bei der erstmaligen Verkn\u00fcpfung der externen Links die fremden Inhalte daraufhin \u00fcberpr\u00fcft, ob etwaige Rechtsverst\u00f6\u00dfe bestehen. Zu dem Zeitpunkt waren keine Rechtsverst\u00f6\u00dfe ersichtlich. Der Anbieter hat keinerlei Einfluss auf die aktuelle und zuk\u00fcnftige Gestaltung und auf die Inhalte der verkn\u00fcpften Seiten. Das Setzen von externen Links bedeutet nicht, dass sich der Anbieter die hinter dem Verweis oder Link liegenden Inhalte zu Eigen macht. Eine st\u00e4ndige Kontrolle der externen Links ist f\u00fcr den Anbieter ohne konkrete Hinweise auf Rechtsverst\u00f6\u00dfe nicht zumutbar. Bei Kenntnis von Rechtsverst\u00f6\u00dfen werden jedoch derartige externe Links unverz\u00fcglich gel\u00f6scht.<\/p>\n<p><strong>3. Urheber- und Leistungsschutzrechte<\/strong><\/p>\n<p>Die auf dieser Website ver\u00f6ffentlichten Inhalte unterliegen dem deutschen Urheber- und Leistungsschutzrecht. Jede vom deutschen Urheber- und Leistungsschutzrecht nicht zugelassene Verwertung bedarf der vorherigen schriftlichen Zustimmung des Anbieters oder jeweiligen Rechteinhabers. Dies gilt insbesondere f\u00fcr Vervielf\u00e4ltigung, Bearbeitung, \u00dcbersetzung, Einspeicherung, Verarbeitung bzw. Wiedergabe von Inhalten in Datenbanken oder anderen elektronischen Medien und Systemen. Inhalte und Rechte Dritter sind dabei als solche gekennzeichnet. Die unerlaubte Vervielf\u00e4ltigung oder Weitergabe einzelner Inhalte oder kompletter Seiten ist nicht gestattet und strafbar. Lediglich die Herstellung von Kopien und Downloads f\u00fcr den pers\u00f6nlichen, privaten und nicht kommerziellen Gebrauch ist erlaubt.<\/p>\n<p>Die Darstellung dieser Website in fremden Frames ist nur mit schriftlicher Erlaubnis zul\u00e4ssig.<br \/>\nAlle Fotorechte bei B\u00dcCHL Gruppe, Thinkstock und adobe stock.<br \/>\n<em>Patrick P. Palej \u2013 stock.adobe.com<\/em><br \/>\n<em>malp \u2013 stock.adobe.com<br \/>\nFuntap \u2013 stock.adobe.com<br \/>\nmedvedsky_kz \u2013 stock.adobe.com<\/em><\/p>\n<p><strong>4. Besondere Nutzungsbedingungen<\/strong><\/p>\n<p>Soweit besondere Bedingungen f\u00fcr einzelne Nutzungen dieser Website von den vorgenannten Nummern 1. bis 4. abweichen, wird an entsprechender Stelle ausdr\u00fccklich darauf hingewiesen. In diesem Falle gelten im jeweiligen Einzelfall die besonderen Nutzungsbedingungen.<\/p>\n<p><strong>Quelle:<\/strong><br \/>\nDisclaimer von <a href=\"https:\/\/www.juraforum.de\/\" target=\"_blank\" rel=\"noopener\">Juraforum.de \u2013 Rechtportal<\/a><br \/>\nund <a href=\"https:\/\/www.experten-branchenbuch.de\/\" target=\"_blank\" rel=\"noopener\">Experten-Branchenbuch.de \u2013 Anwaltssuche<\/a>[\/vc_column_text][vc_separator border_width=&#8221;2&#8243; el_width=&#8221;50&#8243;][\/vc_column][\/vc_row]<\/p>\n<\/div>","protected":false},"excerpt":{"rendered":"<p>[vc_row bg_parallax=&#8221;off&#8221; css=&#8221;.vc_custom_1414841734642{margin-top: 0px !important;padding-top: 40px !important;}&#8221;][vc_column][vc_empty_space height=&#8221;60px&#8221;][vc_column_text]PRIOREC GmbH Robert-Bosch-Stra\u00dfe 1-5 Betriebsst\u00e4tte Steinheilstra\u00dfe 18 85053 Ingolstadt Telefon: +49 841 9646-80 info@priorec.de Vertretungsberechtigter Gesch\u00e4ftsf\u00fchrer J\u00fcrgen Kienlein Handelsregistereintrag Amtsgericht Ingolstadt Handelsregisternummer HRB [&hellip;]<\/p>\n","protected":false},"author":1,"featured_media":0,"parent":0,"menu_order":4,"comment_status":"closed","ping_status":"closed","template":"page-fixed-contact.php","meta":{"footnotes":""},"class_list":["post-443","page","type-page","status-publish","hentry"],"yoast_head":"<!-- This site is optimized with the Yoast SEO plugin v27.3 - https:\/\/yoast.com\/product\/yoast-seo-wordpress\/ -->\n<title>Imprint - PRIOREC\u00ae GmbH<\/title>\n<meta name=\"robots\" content=\"noindex, nofollow\" \/>\n<meta property=\"og:locale\" content=\"en_US\" \/>\n<meta property=\"og:type\" content=\"article\" \/>\n<meta property=\"og:title\" content=\"Imprint - PRIOREC\u00ae GmbH\" \/>\n<meta property=\"og:description\" content=\"[vc_row bg_parallax=&#8221;off&#8221; css=&#8221;.vc_custom_1414841734642{margin-top: 0px !important;padding-top: 40px !important;}&#8221;][vc_column][vc_empty_space height=&#8221;60px&#8221;][vc_column_text]PRIOREC GmbH Robert-Bosch-Stra\u00dfe 1-5 Betriebsst\u00e4tte Steinheilstra\u00dfe 18 85053 Ingolstadt Telefon: +49 841 9646-80 info@priorec.de Vertretungsberechtigter Gesch\u00e4ftsf\u00fchrer J\u00fcrgen Kienlein Handelsregistereintrag Amtsgericht Ingolstadt Handelsregisternummer HRB [&hellip;]\" \/>\n<meta property=\"og:url\" content=\"https:\/\/priorec.de\/en\/imprint\/\" \/>\n<meta property=\"og:site_name\" content=\"PRIOREC\u00ae GmbH\" \/>\n<meta property=\"article:modified_time\" content=\"2025-01-20T14:31:09+00:00\" \/>\n<meta name=\"twitter:card\" content=\"summary_large_image\" \/>\n<meta name=\"twitter:label1\" content=\"Est. reading time\" \/>\n\t<meta name=\"twitter:data1\" content=\"3 minutes\" \/>\n<script type=\"application\/ld+json\" class=\"yoast-schema-graph\">{\"@context\":\"https:\\\/\\\/schema.org\",\"@graph\":[{\"@type\":\"WebPage\",\"@id\":\"https:\\\/\\\/priorec.de\\\/en\\\/imprint\\\/\",\"url\":\"https:\\\/\\\/priorec.de\\\/en\\\/imprint\\\/\",\"name\":\"Imprint - PRIOREC\u00ae GmbH\",\"isPartOf\":{\"@id\":\"https:\\\/\\\/priorec.de\\\/en\\\/#website\"},\"datePublished\":\"2022-03-07T13:32:14+00:00\",\"dateModified\":\"2025-01-20T14:31:09+00:00\",\"breadcrumb\":{\"@id\":\"https:\\\/\\\/priorec.de\\\/en\\\/imprint\\\/#breadcrumb\"},\"inLanguage\":\"en-US\",\"potentialAction\":[{\"@type\":\"ReadAction\",\"target\":[\"https:\\\/\\\/priorec.de\\\/en\\\/imprint\\\/\"]}]},{\"@type\":\"BreadcrumbList\",\"@id\":\"https:\\\/\\\/priorec.de\\\/en\\\/imprint\\\/#breadcrumb\",\"itemListElement\":[{\"@type\":\"ListItem\",\"position\":1,\"name\":\"Home\",\"item\":\"https:\\\/\\\/priorec.de\\\/en\\\/\"},{\"@type\":\"ListItem\",\"position\":2,\"name\":\"Imprint\"}]},{\"@type\":\"WebSite\",\"@id\":\"https:\\\/\\\/priorec.de\\\/en\\\/#website\",\"url\":\"https:\\\/\\\/priorec.de\\\/en\\\/\",\"name\":\"PRIOREC\u00ae GmbH\",\"description\":\"Progressive | Recycling\",\"potentialAction\":[{\"@type\":\"SearchAction\",\"target\":{\"@type\":\"EntryPoint\",\"urlTemplate\":\"https:\\\/\\\/priorec.de\\\/en\\\/?s={search_term_string}\"},\"query-input\":{\"@type\":\"PropertyValueSpecification\",\"valueRequired\":true,\"valueName\":\"search_term_string\"}}],\"inLanguage\":\"en-US\"}]}<\/script>\n<!-- \/ Yoast SEO plugin. -->","yoast_head_json":{"title":"Imprint - PRIOREC\u00ae GmbH","robots":{"index":"noindex","follow":"nofollow"},"og_locale":"en_US","og_type":"article","og_title":"Imprint - PRIOREC\u00ae GmbH","og_description":"[vc_row bg_parallax=&#8221;off&#8221; css=&#8221;.vc_custom_1414841734642{margin-top: 0px !important;padding-top: 40px !important;}&#8221;][vc_column][vc_empty_space height=&#8221;60px&#8221;][vc_column_text]PRIOREC GmbH Robert-Bosch-Stra\u00dfe 1-5 Betriebsst\u00e4tte Steinheilstra\u00dfe 18 85053 Ingolstadt Telefon: +49 841 9646-80 info@priorec.de Vertretungsberechtigter Gesch\u00e4ftsf\u00fchrer J\u00fcrgen Kienlein Handelsregistereintrag Amtsgericht Ingolstadt Handelsregisternummer HRB [&hellip;]","og_url":"https:\/\/priorec.de\/en\/imprint\/","og_site_name":"PRIOREC\u00ae GmbH","article_modified_time":"2025-01-20T14:31:09+00:00","twitter_card":"summary_large_image","twitter_misc":{"Est. reading time":"3 minutes"},"schema":{"@context":"https:\/\/schema.org","@graph":[{"@type":"WebPage","@id":"https:\/\/priorec.de\/en\/imprint\/","url":"https:\/\/priorec.de\/en\/imprint\/","name":"Imprint - PRIOREC\u00ae GmbH","isPartOf":{"@id":"https:\/\/priorec.de\/en\/#website"},"datePublished":"2022-03-07T13:32:14+00:00","dateModified":"2025-01-20T14:31:09+00:00","breadcrumb":{"@id":"https:\/\/priorec.de\/en\/imprint\/#breadcrumb"},"inLanguage":"en-US","potentialAction":[{"@type":"ReadAction","target":["https:\/\/priorec.de\/en\/imprint\/"]}]},{"@type":"BreadcrumbList","@id":"https:\/\/priorec.de\/en\/imprint\/#breadcrumb","itemListElement":[{"@type":"ListItem","position":1,"name":"Home","item":"https:\/\/priorec.de\/en\/"},{"@type":"ListItem","position":2,"name":"Imprint"}]},{"@type":"WebSite","@id":"https:\/\/priorec.de\/en\/#website","url":"https:\/\/priorec.de\/en\/","name":"PRIOREC\u00ae GmbH","description":"Progressive | Recycling","potentialAction":[{"@type":"SearchAction","target":{"@type":"EntryPoint","urlTemplate":"https:\/\/priorec.de\/en\/?s={search_term_string}"},"query-input":{"@type":"PropertyValueSpecification","valueRequired":true,"valueName":"search_term_string"}}],"inLanguage":"en-US"}]}},"_links":{"self":[{"href":"https:\/\/priorec.de\/en\/wp-json\/wp\/v2\/pages\/443","targetHints":{"allow":["GET"]}}],"collection":[{"href":"https:\/\/priorec.de\/en\/wp-json\/wp\/v2\/pages"}],"about":[{"href":"https:\/\/priorec.de\/en\/wp-json\/wp\/v2\/types\/page"}],"author":[{"embeddable":true,"href":"https:\/\/priorec.de\/en\/wp-json\/wp\/v2\/users\/1"}],"replies":[{"embeddable":true,"href":"https:\/\/priorec.de\/en\/wp-json\/wp\/v2\/comments?post=443"}],"version-history":[{"count":9,"href":"https:\/\/priorec.de\/en\/wp-json\/wp\/v2\/pages\/443\/revisions"}],"predecessor-version":[{"id":2622,"href":"https:\/\/priorec.de\/en\/wp-json\/wp\/v2\/pages\/443\/revisions\/2622"}],"wp:attachment":[{"href":"https:\/\/priorec.de\/en\/wp-json\/wp\/v2\/media?parent=443"}],"curies":[{"name":"wp","href":"https:\/\/api.w.org\/{rel}","templated":true}]}}